{"id":9,"date":"2018-07-03T22:24:01","date_gmt":"2018-07-03T20:24:01","guid":{"rendered":"http:\/\/spiralfarmhouse.co\/?page_id=9"},"modified":"2018-07-03T22:24:01","modified_gmt":"2018-07-03T20:24:01","slug":"a-propos-de","status":"publish","type":"page","link":"http:\/\/spiralfarmhouse.co\/ne\/a-propos-de\/","title":{"rendered":"\u00c0 propos de"},"content":{"rendered":"<p>Vous pourriez \u00eatre un artiste et vouloir pr\u00e9senter vos travaux et vous m\u00eame ou encore \u00eatre une entreprise avec une mission \u00e0 promouvoir.<\/p>\n","protected":false},"excerpt":{"rendered":"<p>Vous pourriez \u00eatre un artiste et vouloir pr\u00e9senter vos travaux et vous m\u00eame ou encore \u00eatre une entreprise avec une mission \u00e0 promouvoir.<\/p>\n","protected":false},"author":1,"featured_media":4,"parent":0,"menu_order":0,"comment_status":"closed","ping_status":"closed","template":"","meta":{"footnotes":""},"class_list":["post-9","page","type-page","status-publish","has-post-thumbnail","hentry","no-comments"],"yoast_head":"<!-- This site is optimized with the Yoast SEO plugin v27.4 - https:\/\/yoast.com\/product\/yoast-seo-wordpress\/ -->\n<title>\u00c0 propos de - \u0938\u094d\u092a\u093e\u0908\u0930\u0932 \u092b\u093e\u0930\u094d\u092e \u0939\u093e\u0909\u0938<\/title>\n<meta name=\"robots\" content=\"index, follow, max-snippet:-1, max-image-preview:large, max-video-preview:-1\" \/>\n<link rel=\"canonical\" href=\"http:\/\/spiralfarmhouse.co\/ne\/a-propos-de\/\" \/>\n<meta property=\"og:locale\" content=\"ne_NP\" \/>\n<meta property=\"og:type\" content=\"article\" \/>\n<meta property=\"og:title\" content=\"\u00c0 propos de - \u0938\u094d\u092a\u093e\u0908\u0930\u0932 \u092b\u093e\u0930\u094d\u092e \u0939\u093e\u0909\u0938\" \/>\n<meta property=\"og:description\" content=\"Vous pourriez \u00eatre un artiste et vouloir pr\u00e9senter vos travaux et vous m\u00eame ou encore \u00eatre une entreprise avec une mission \u00e0 promouvoir.\" \/>\n<meta property=\"og:url\" content=\"http:\/\/spiralfarmhouse.co\/ne\/a-propos-de\/\" \/>\n<meta property=\"og:site_name\" content=\"\u0938\u094d\u092a\u093e\u0908\u0930\u0932 \u092b\u093e\u0930\u094d\u092e \u0939\u093e\u0909\u0938\" \/>\n<meta property=\"og:image\" content=\"http:\/\/spiralfarmhouse.co\/ne\/wp-content\/uploads\/sites\/2\/2018\/07\/image-about.jpg\" \/>\n\t<meta property=\"og:image:width\" content=\"1800\" \/>\n\t<meta property=\"og:image:height\" content=\"800\" \/>\n\t<meta property=\"og:image:type\" content=\"image\/jpeg\" \/>\n<meta name=\"twitter:card\" content=\"summary_large_image\" \/>\n<script type=\"application\/ld+json\" class=\"yoast-schema-graph\">{\"@context\":\"https:\\\/\\\/schema.org\",\"@graph\":[{\"@type\":\"WebPage\",\"@id\":\"http:\\\/\\\/spiralfarmhouse.co\\\/ne\\\/a-propos-de\\\/\",\"url\":\"http:\\\/\\\/spiralfarmhouse.co\\\/ne\\\/a-propos-de\\\/\",\"name\":\"\u00c0 propos de - \u0938\u094d\u092a\u093e\u0908\u0930\u0932 \u092b\u093e\u0930\u094d\u092e \u0939\u093e\u0909\u0938\",\"isPartOf\":{\"@id\":\"http:\\\/\\\/spiralfarmhouse.co\\\/ne\\\/#website\"},\"primaryImageOfPage\":{\"@id\":\"http:\\\/\\\/spiralfarmhouse.co\\\/ne\\\/a-propos-de\\\/#primaryimage\"},\"image\":{\"@id\":\"http:\\\/\\\/spiralfarmhouse.co\\\/ne\\\/a-propos-de\\\/#primaryimage\"},\"thumbnailUrl\":\"http:\\\/\\\/spiralfarmhouse.co\\\/ne\\\/wp-content\\\/uploads\\\/sites\\\/2\\\/2018\\\/07\\\/image-about.jpg\",\"datePublished\":\"2018-07-03T20:24:01+00:00\",\"breadcrumb\":{\"@id\":\"http:\\\/\\\/spiralfarmhouse.co\\\/ne\\\/a-propos-de\\\/#breadcrumb\"},\"inLanguage\":\"ne-NP\",\"potentialAction\":[{\"@type\":\"ReadAction\",\"target\":[\"http:\\\/\\\/spiralfarmhouse.co\\\/ne\\\/a-propos-de\\\/\"]}]},{\"@type\":\"ImageObject\",\"inLanguage\":\"ne-NP\",\"@id\":\"http:\\\/\\\/spiralfarmhouse.co\\\/ne\\\/a-propos-de\\\/#primaryimage\",\"url\":\"http:\\\/\\\/spiralfarmhouse.co\\\/ne\\\/wp-content\\\/uploads\\\/sites\\\/2\\\/2018\\\/07\\\/image-about.jpg\",\"contentUrl\":\"http:\\\/\\\/spiralfarmhouse.co\\\/ne\\\/wp-content\\\/uploads\\\/sites\\\/2\\\/2018\\\/07\\\/image-about.jpg\",\"width\":1800,\"height\":800},{\"@type\":\"BreadcrumbList\",\"@id\":\"http:\\\/\\\/spiralfarmhouse.co\\\/ne\\\/a-propos-de\\\/#breadcrumb\",\"itemListElement\":[{\"@type\":\"ListItem\",\"position\":1,\"name\":\"Accueil\",\"item\":\"http:\\\/\\\/spiralfarmhouse.co\\\/ne\\\/\"},{\"@type\":\"ListItem\",\"position\":2,\"name\":\"\u00c0 propos de\"}]},{\"@type\":\"WebSite\",\"@id\":\"http:\\\/\\\/spiralfarmhouse.co\\\/ne\\\/#website\",\"url\":\"http:\\\/\\\/spiralfarmhouse.co\\\/ne\\\/\",\"name\":\"\u0938\u094d\u092a\u093e\u0908\u0930\u0932 \u092b\u093e\u0930\u094d\u092e \u0939\u093e\u0909\u0938\",\"description\":\"\u0928\u0947\u092a\u093e\u0932 \u092e\u093e \u0915\u093f\u0938\u093e\u0928\u0939\u0930\u0941 \u0930 \u0909\u092a\u092d\u094b\u0915\u094d\u0924\u093e\u0913\u0902 \u0915\u094b \u0932\u093e\u0917\u093f \u0915\u093e\u0930\u094d\u092c\u0928\u093f\u0915 \u0916\u0947\u0924\u0940\",\"potentialAction\":[{\"@type\":\"SearchAction\",\"target\":{\"@type\":\"EntryPoint\",\"urlTemplate\":\"http:\\\/\\\/spiralfarmhouse.co\\\/ne\\\/?s={search_term_string}\"},\"query-input\":{\"@type\":\"PropertyValueSpecification\",\"valueRequired\":true,\"valueName\":\"search_term_string\"}}],\"inLanguage\":\"ne-NP\"}]}<\/script>\n<!-- \/ Yoast SEO plugin. -->","yoast_head_json":{"title":"\u00c0 propos de - \u0938\u094d\u092a\u093e\u0908\u0930\u0932 \u092b\u093e\u0930\u094d\u092e \u0939\u093e\u0909\u0938","robots":{"index":"index","follow":"follow","max-snippet":"max-snippet:-1","max-image-preview":"max-image-preview:large","max-video-preview":"max-video-preview:-1"},"canonical":"http:\/\/spiralfarmhouse.co\/ne\/a-propos-de\/","og_locale":"ne_NP","og_type":"article","og_title":"\u00c0 propos de - \u0938\u094d\u092a\u093e\u0908\u0930\u0932 \u092b\u093e\u0930\u094d\u092e \u0939\u093e\u0909\u0938","og_description":"Vous pourriez \u00eatre un artiste et vouloir pr\u00e9senter vos travaux et vous m\u00eame ou encore \u00eatre une entreprise avec une mission \u00e0 promouvoir.","og_url":"http:\/\/spiralfarmhouse.co\/ne\/a-propos-de\/","og_site_name":"\u0938\u094d\u092a\u093e\u0908\u0930\u0932 \u092b\u093e\u0930\u094d\u092e \u0939\u093e\u0909\u0938","og_image":[{"width":1800,"height":800,"url":"http:\/\/spiralfarmhouse.co\/ne\/wp-content\/uploads\/sites\/2\/2018\/07\/image-about.jpg","type":"image\/jpeg"}],"twitter_card":"summary_large_image","schema":{"@context":"https:\/\/schema.org","@graph":[{"@type":"WebPage","@id":"http:\/\/spiralfarmhouse.co\/ne\/a-propos-de\/","url":"http:\/\/spiralfarmhouse.co\/ne\/a-propos-de\/","name":"\u00c0 propos de - \u0938\u094d\u092a\u093e\u0908\u0930\u0932 \u092b\u093e\u0930\u094d\u092e \u0939\u093e\u0909\u0938","isPartOf":{"@id":"http:\/\/spiralfarmhouse.co\/ne\/#website"},"primaryImageOfPage":{"@id":"http:\/\/spiralfarmhouse.co\/ne\/a-propos-de\/#primaryimage"},"image":{"@id":"http:\/\/spiralfarmhouse.co\/ne\/a-propos-de\/#primaryimage"},"thumbnailUrl":"http:\/\/spiralfarmhouse.co\/ne\/wp-content\/uploads\/sites\/2\/2018\/07\/image-about.jpg","datePublished":"2018-07-03T20:24:01+00:00","breadcrumb":{"@id":"http:\/\/spiralfarmhouse.co\/ne\/a-propos-de\/#breadcrumb"},"inLanguage":"ne-NP","potentialAction":[{"@type":"ReadAction","target":["http:\/\/spiralfarmhouse.co\/ne\/a-propos-de\/"]}]},{"@type":"ImageObject","inLanguage":"ne-NP","@id":"http:\/\/spiralfarmhouse.co\/ne\/a-propos-de\/#primaryimage","url":"http:\/\/spiralfarmhouse.co\/ne\/wp-content\/uploads\/sites\/2\/2018\/07\/image-about.jpg","contentUrl":"http:\/\/spiralfarmhouse.co\/ne\/wp-content\/uploads\/sites\/2\/2018\/07\/image-about.jpg","width":1800,"height":800},{"@type":"BreadcrumbList","@id":"http:\/\/spiralfarmhouse.co\/ne\/a-propos-de\/#breadcrumb","itemListElement":[{"@type":"ListItem","position":1,"name":"Accueil","item":"http:\/\/spiralfarmhouse.co\/ne\/"},{"@type":"ListItem","position":2,"name":"\u00c0 propos de"}]},{"@type":"WebSite","@id":"http:\/\/spiralfarmhouse.co\/ne\/#website","url":"http:\/\/spiralfarmhouse.co\/ne\/","name":"\u0938\u094d\u092a\u093e\u0908\u0930\u0932 \u092b\u093e\u0930\u094d\u092e \u0939\u093e\u0909\u0938","description":"\u0928\u0947\u092a\u093e\u0932 \u092e\u093e \u0915\u093f\u0938\u093e\u0928\u0939\u0930\u0941 \u0930 \u0909\u092a\u092d\u094b\u0915\u094d\u0924\u093e\u0913\u0902 \u0915\u094b \u0932\u093e\u0917\u093f \u0915\u093e\u0930\u094d\u092c\u0928\u093f\u0915 \u0916\u0947\u0924\u0940","potentialAction":[{"@type":"SearchAction","target":{"@type":"EntryPoint","urlTemplate":"http:\/\/spiralfarmhouse.co\/ne\/?s={search_term_string}"},"query-input":{"@type":"PropertyValueSpecification","valueRequired":true,"valueName":"search_term_string"}}],"inLanguage":"ne-NP"}]}},"_links":{"self":[{"href":"http:\/\/spiralfarmhouse.co\/ne\/wp-json\/wp\/v2\/pages\/9","targetHints":{"allow":["GET"]}}],"collection":[{"href":"http:\/\/spiralfarmhouse.co\/ne\/wp-json\/wp\/v2\/pages"}],"about":[{"href":"http:\/\/spiralfarmhouse.co\/ne\/wp-json\/wp\/v2\/types\/page"}],"author":[{"embeddable":true,"href":"http:\/\/spiralfarmhouse.co\/ne\/wp-json\/wp\/v2\/users\/1"}],"replies":[{"embeddable":true,"href":"http:\/\/spiralfarmhouse.co\/ne\/wp-json\/wp\/v2\/comments?post=9"}],"version-history":[{"count":1,"href":"http:\/\/spiralfarmhouse.co\/ne\/wp-json\/wp\/v2\/pages\/9\/revisions"}],"predecessor-version":[{"id":29,"href":"http:\/\/spiralfarmhouse.co\/ne\/wp-json\/wp\/v2\/pages\/9\/revisions\/29"}],"wp:featuredmedia":[{"embeddable":true,"href":"http:\/\/spiralfarmhouse.co\/ne\/wp-json\/wp\/v2\/media\/4"}],"wp:attachment":[{"href":"http:\/\/spiralfarmhouse.co\/ne\/wp-json\/wp\/v2\/media?parent=9"}],"curies":[{"name":"wp","href":"https:\/\/api.w.org\/{rel}","templated":true}]}}